{"id":8578,"date":"2020-07-30T09:05:16","date_gmt":"2020-07-30T07:05:16","guid":{"rendered":"https:\/\/lescathedralesdelasaulaie.com\/?post_type=product&#038;p=8578"},"modified":"2026-02-11T23:24:20","modified_gmt":"2026-02-11T22:24:20","slug":"bons-cadeaux-enfants","status":"publish","type":"product","link":"https:\/\/lescathedralesdelasaulaie.com\/en\/produit\/bons-cadeaux-enfants\/","title":{"rendered":"Bons cadeaux repas enfant"},"content":{"rendered":"<p>Bon cadeaux \u00e0 valoir au restaurant Les Cath\u00e9drales de la Saulaie.<\/p>\n<p>1 repas Complet :<\/p>\n<ul>\n<li>Menu 5 Plats<\/li>\n<li>Fou\u00e9es \u00e0 volont\u00e9s<\/li>\n<li>Ap\u00e9ritif, vins, caf\u00e9<\/li>\n<li>Visites comprises<\/li>\n<\/ul>\n<p>Offre valable 1 an \u00e0 compter de la date d&#8217;achat.<\/p>\n","protected":false},"excerpt":{"rendered":"<p>Bon cadeaux \u00e0 valoir au restaurant Les Cath\u00e9drales de la Saulaie. 1 repas Complet : Menu 5 Plats Fou\u00e9es \u00e0 volont\u00e9s Ap\u00e9ritif, vins, caf\u00e9 Visites comprises Offre valable 1 an \u00e0 compter de la date d&#8217;achat.<\/p>\n","protected":false},"featured_media":7972,"template":"","meta":[],"product_brand":[],"product_cat":[61,52],"product_tag":[],"class_list":{"0":"post-8578","1":"product","2":"type-product","3":"status-publish","4":"has-post-thumbnail","6":"product_cat-carte_cadeau_fouees","7":"product_cat-divers","9":"first","10":"instock","11":"virtual","12":"purchasable","13":"product-type-wgm_gift_card"},"_links":{"self":[{"href":"https:\/\/lescathedralesdelasaulaie.com\/en\/wp-json\/wp\/v2\/product\/8578","targetHints":{"allow":["GET"]}}],"collection":[{"href":"https:\/\/lescathedralesdelasaulaie.com\/en\/wp-json\/wp\/v2\/product"}],"about":[{"href":"https:\/\/lescathedralesdelasaulaie.com\/en\/wp-json\/wp\/v2\/types\/product"}],"wp:featuredmedia":[{"embeddable":true,"href":"https:\/\/lescathedralesdelasaulaie.com\/en\/wp-json\/wp\/v2\/media\/7972"}],"wp:attachment":[{"href":"https:\/\/lescathedralesdelasaulaie.com\/en\/wp-json\/wp\/v2\/media?parent=8578"}],"wp:term":[{"taxonomy":"product_brand","embeddable":true,"href":"https:\/\/lescathedralesdelasaulaie.com\/en\/wp-json\/wp\/v2\/product_brand?post=8578"},{"taxonomy":"product_cat","embeddable":true,"href":"https:\/\/lescathedralesdelasaulaie.com\/en\/wp-json\/wp\/v2\/product_cat?post=8578"},{"taxonomy":"product_tag","embeddable":true,"href":"https:\/\/lescathedralesdelasaulaie.com\/en\/wp-json\/wp\/v2\/product_tag?post=8578"}],"curies":[{"name":"wp","href":"https:\/\/api.w.org\/{rel}","templated":true}]}}